{"id":10,"date":"2010-08-04T19:13:14","date_gmt":"2010-08-04T17:13:14","guid":{"rendered":"http:\/\/www.xn--gnsehaut-0za.at\/2010\/?page_id=10"},"modified":"2024-10-17T16:42:50","modified_gmt":"2024-10-17T14:42:50","slug":"die-sage","status":"publish","type":"page","link":"https:\/\/www.g\u00e4nsehaut.at\/?page_id=10","title":{"rendered":"Die Sage"},"content":{"rendered":"\n<p><iframe loading=\"lazy\" title=\"G\u00e4nsehaut am Hungerturm Intro 2010\" src=\"https:\/\/player.vimeo.com\/video\/16536785?dnt=1&amp;app_id=122963\" width=\"500\" height=\"281\" frameborder=\"0\" allow=\"autoplay; fullscreen; picture-in-picture; clipboard-write\"><\/iframe><\/p>\n\n\n\n<p>(<em>Regie und Produktion: Patrik Friedl, Erz\u00e4hler: Ing. G\u00fcnther Eckelt, Hauptdarsteller: Stefan Zwinz<\/em>)<\/p>\n\n\n\n<p class=\"has-medium-font-size\">&#8222;Zum Ravelsbacher Pfarrhofgut geh\u00f6rte in keltischen Zeiten ein Turm, der als Vorratsturm diente. Das Untergescho\u00df des Geb\u00e4udes wurde im Winter mit Eisbl\u00f6cken gef\u00fcllt, damit Wein und Fleisch dadurch auch im Sommer frisch gehalten werden konnten.<\/p>\n\n\n\n<p class=\"has-medium-font-size\">Eines Tages schlachtete man im Gut Schweine. Beim anschlie\u00dfenden Sautanz wurden die verschiedensten Leckereien zubereitet. Ein hungriger Landstreicher und seine zwei Freunde beobachteten aus der Ferne das bunte Treiben. Angelockt durch die Ger\u00fcche, schlichen sie n\u00e4her und sahen, wie die verschiedensten K\u00f6stlichkeiten weggetragen wurden. Von einem seiner Freunde hatte der Landstreicher von der Existenz des Turmes und seiner Verwendung erfahren, daher nahm der Landstreicher an, dass man all die guten Sachen und Leckerbissen dorthin schleppte. Es \u00fcberkam ihm der Gedanke, die Dunkelheit abzuwarten, sich in den Pfarrgarten einzuschleichen und sich einen dicken Happen abzuschneiden, jedoch seinen beiden Freunden von diesem Vorhaben nichts zu erz\u00e4hlen.<\/p>\n\n\n\n<p class=\"has-medium-font-size\">Geschickt schlich er durch den Pfarrhofswald, vom Hunger getrieben, an den Turm heran. Ein Windsto\u00df schlug die T\u00fcr hinter ihm zu, als er endlich im Turm angelangte. Au\u00dfer einem Rattenskelett konnte er jedoch nichts finden. Die T\u00fcr vom Turm lie\u00df sich jedoch von innen nicht mehr \u00f6ffnen. Keiner h\u00f6rte seine Hilfeschreie. Schlie\u00dflich verhungerte der Landstreicher. Seine Leiche wurde jedoch nie gefunden. Seitdem hei\u00dft dieses Geb\u00e4ude Hungerturm.&#8220;<\/p>\n\n\n\n<p class=\"has-text-align-center\">(<em>Wiesb\u00f6ck, 1994 in: Hexen in Ravelsbach: Der Hungerturm von Ravelsbach von Jugendgruppe der HS Ravelsbach<\/em>)<\/p>\n\n\n\n<p class=\"has-medium-font-size\">Jedes Jahr aufs Neue, zur Herbstzeit, rund um Halloween, beginnt es in Ravelsbach wieder zu spuken, weil die ehemaligen Freunde des Landstreichers diesen bis heute suchen.<\/p>\n\n\n\n<p class=\"has-medium-font-size\">Allj\u00e4hrlich sind die Teilnehmenden des Erlebnis- und Horrortheaters daher auf der Nachtwanderung gefordert, Stationen und Aufgaben zu bew\u00e4ltigen um die Einwohner Ravelsbachs vom Fluch des Landstreichers zu befreien. Es erwartet sie dabei eine ausgekl\u00fcgelte Story, die das Spiel jedes Jahr aufs Neue fortsetzen l\u00e4sst.<\/p>\n\n\n\n<blockquote class=\"wp-block-quote is-layout-flow wp-block-quote-is-layout-flow\">\n<p class=\"has-text-align-center has-white-color has-vivid-red-background-color has-text-color has-background has-link-color has-medium-font-size wp-elements-599af09618ce54d470195098cc15417c\"><em><strong>Anstatt sich einen Horrorfilm anzusehen, <\/strong><\/em><br><em><strong>spiel doch lieber selbst in einem mit&#8230;<\/strong><\/em><\/p>\n<\/blockquote>\n\n\n\n<h2 class=\"wp-block-heading\">Interessiert?<\/h2>\n\n\n\n<p class=\"has-medium-font-size\">Wenn auch Dich der \u201eHorror\u201c fasziniert, Du gerne Theater spielst, Leute erschreckst und Teil unserer Geschichte werden willst, melde Dich bei uns! Wir sind immer auf der Suche nach freiwilligen Statisten und Darstellern. <a href=\"mailto:ravelsbach.kultur@outlook.at\" target=\"_blank\" rel=\"noreferrer noopener\">Teile uns hier Dein Interesse mit<\/a><\/p>\n","protected":false},"excerpt":{"rendered":"<p>(Regie und Produktion: Patrik Friedl, Erz\u00e4hler: Ing. G\u00fcnther Eckelt, Hauptdarsteller: Stefan Zwinz) &#8222;Zum Ravelsbacher Pfarrhofgut geh\u00f6rte in keltischen Zeiten ein Turm, der als Vorratsturm diente. Das Untergescho\u00df des Geb\u00e4udes wurde im Winter mit Eisbl\u00f6cken gef\u00fcllt, damit Wein und Fleisch dadurch auch im Sommer frisch gehalten werden konnten. Eines Tages schlachtete man im Gut Schweine. Beim [&hellip;]<\/p>\n","protected":false},"author":1,"featured_media":0,"parent":2,"menu_order":1,"comment_status":"closed","ping_status":"closed","template":"","meta":{"ngg_post_thumbnail":0,"footnotes":""},"class_list":["post-10","page","type-page","status-publish","hentry"],"_links":{"self":[{"href":"https:\/\/www.g\u00e4nsehaut.at\/index.php?rest_route=\/wp\/v2\/pages\/10","targetHints":{"allow":["GET"]}}],"collection":[{"href":"https:\/\/www.g\u00e4nsehaut.at\/index.php?rest_route=\/wp\/v2\/pages"}],"about":[{"href":"https:\/\/www.g\u00e4nsehaut.at\/index.php?rest_route=\/wp\/v2\/types\/page"}],"author":[{"embeddable":true,"href":"https:\/\/www.g\u00e4nsehaut.at\/index.php?rest_route=\/wp\/v2\/users\/1"}],"replies":[{"embeddable":true,"href":"https:\/\/www.g\u00e4nsehaut.at\/index.php?rest_route=%2Fwp%2Fv2%2Fcomments&post=10"}],"version-history":[{"count":45,"href":"https:\/\/www.g\u00e4nsehaut.at\/index.php?rest_route=\/wp\/v2\/pages\/10\/revisions"}],"predecessor-version":[{"id":1953,"href":"https:\/\/www.g\u00e4nsehaut.at\/index.php?rest_route=\/wp\/v2\/pages\/10\/revisions\/1953"}],"up":[{"embeddable":true,"href":"https:\/\/www.g\u00e4nsehaut.at\/index.php?rest_route=\/wp\/v2\/pages\/2"}],"wp:attachment":[{"href":"https:\/\/www.g\u00e4nsehaut.at\/index.php?rest_route=%2Fwp%2Fv2%2Fmedia&parent=10"}],"curies":[{"name":"wp","href":"https:\/\/api.w.org\/{rel}","templated":true}]}}