{"id":1019,"date":"2017-01-11T14:43:06","date_gmt":"2017-01-11T12:43:06","guid":{"rendered":"http:\/\/www.xn--gnsehaut-0za.at\/2010\/?page_id=1019"},"modified":"2025-08-22T12:01:15","modified_gmt":"2025-08-22T10:01:15","slug":"teilnahmebedingungen-agb","status":"publish","type":"page","link":"https:\/\/www.g\u00e4nsehaut.at\/?page_id=1019","title":{"rendered":"die regeln"},"content":{"rendered":"\n<h2 class=\"wp-block-heading\">Haftungsverzicht, Sicherheitsbestimmungen, Teilnahmeregeln, datenschutz, AGB und sonstige b\u00fcrokratie<\/h2>\n\n\n\n<p><\/p>\n\n\n\n<p class=\"has-medium-font-size\">Durch Erwerb eines oder mehrerer Tickets stimmt der K\u00e4ufer bzw. die K\u00e4uferin in allen Punkten des im unten zum Download bereitgestellten Files des Veranstalters zu.<\/p>\n\n\n\n<h3 class=\"wp-block-heading has-text-align-center has-white-color has-vivid-red-background-color has-text-color has-background has-link-color has-medium-font-size wp-elements-64f4f6c76dfdcebd74a03b6bc6ae5fd5\"><mark style=\"background-color:rgba(0, 0, 0, 0)\" class=\"has-inline-color has-white-color\"><a href=\"https:\/\/www.g\u00e4nsehaut.at\/wp-content\/uploads\/2025\/08\/AGB_Gaensehaut_Fassung_2025.pdf\" target=\"_blank\" rel=\"noreferrer noopener\">AGB hier ansehen und downloaden<\/a><\/mark><\/h3>\n","protected":false},"excerpt":{"rendered":"<p>Haftungsverzicht, Sicherheitsbestimmungen, Teilnahmeregeln, datenschutz, AGB und sonstige b\u00fcrokratie Durch Erwerb eines oder mehrerer Tickets stimmt der K\u00e4ufer bzw. die K\u00e4uferin in allen Punkten des im unten zum Download bereitgestellten Files des Veranstalters zu. AGB hier ansehen und downloaden<\/p>\n","protected":false},"author":1,"featured_media":0,"parent":2,"menu_order":5,"comment_status":"closed","ping_status":"closed","template":"","meta":{"ngg_post_thumbnail":0,"footnotes":""},"class_list":["post-1019","page","type-page","status-publish","hentry"],"_links":{"self":[{"href":"https:\/\/www.g\u00e4nsehaut.at\/index.php?rest_route=\/wp\/v2\/pages\/1019","targetHints":{"allow":["GET"]}}],"collection":[{"href":"https:\/\/www.g\u00e4nsehaut.at\/index.php?rest_route=\/wp\/v2\/pages"}],"about":[{"href":"https:\/\/www.g\u00e4nsehaut.at\/index.php?rest_route=\/wp\/v2\/types\/page"}],"author":[{"embeddable":true,"href":"https:\/\/www.g\u00e4nsehaut.at\/index.php?rest_route=\/wp\/v2\/users\/1"}],"replies":[{"embeddable":true,"href":"https:\/\/www.g\u00e4nsehaut.at\/index.php?rest_route=%2Fwp%2Fv2%2Fcomments&post=1019"}],"version-history":[{"count":27,"href":"https:\/\/www.g\u00e4nsehaut.at\/index.php?rest_route=\/wp\/v2\/pages\/1019\/revisions"}],"predecessor-version":[{"id":1986,"href":"https:\/\/www.g\u00e4nsehaut.at\/index.php?rest_route=\/wp\/v2\/pages\/1019\/revisions\/1986"}],"up":[{"embeddable":true,"href":"https:\/\/www.g\u00e4nsehaut.at\/index.php?rest_route=\/wp\/v2\/pages\/2"}],"wp:attachment":[{"href":"https:\/\/www.g\u00e4nsehaut.at\/index.php?rest_route=%2Fwp%2Fv2%2Fmedia&parent=1019"}],"curies":[{"name":"wp","href":"https:\/\/api.w.org\/{rel}","templated":true}]}}