{"id":2,"date":"2010-06-04T00:30:34","date_gmt":"2010-06-03T22:30:34","guid":{"rendered":"http:\/\/www.xn--gnsehaut-0za.at\/2010\/?page_id=2"},"modified":"2025-07-28T14:26:24","modified_gmt":"2025-07-28T12:26:24","slug":"info","status":"publish","type":"page","link":"https:\/\/www.g\u00e4nsehaut.at\/","title":{"rendered":"G\u00e4nsehaut am Hungerturm"},"content":{"rendered":"\n<p class=\"has-medium-font-size\">Auch heuer hei\u00dft es wieder &#8222;Das Spielt geht weiter&#8230;&#8220;. Wenn am 25. Oktober 2025 die Dunkelheit einbricht, kehrt der Horror in das kleine Weinviertler D\u00f6rfchen Ravelsbach zur\u00fcck und erreicht ein neues Level. Seid gespannt was euch dieses Mal erwartet&#8230;<\/p>\n\n\n\n<p><\/p>\n\n\n\n<h2 class=\"wp-block-heading\">About<\/h2>\n\n\n\n<p class=\"has-text-align-left has-medium-font-size\">G\u00e4nsehaut am Hungerturm ist ein Erlebnis-, Stationen- und Horrortheater. Die Teilnehmenden m\u00fcssen dabei auf einer etwa 5 Kilometer langen Strecke innerhalb von ca. 2 Stunden Gehzeit im Rahmen einer Nachtwanderung in einer Gruppe mit max. 8 Personen Mutproben meistern und R\u00e4tsel l\u00f6sen. Dabei werden Sie in Angst und Schrecken versetzt. Schaupl\u00e4tze sind d\u00fcstere Locations im kleinen Weinviertler D\u00f6rfchen Ravelsbach wie der Wasserturm oder der dem Event namensgebende Hungerturm.<\/p>\n\n\n\n<figure class=\"wp-block-image size-large\"><a href=\"https:\/\/www.g\u00e4nsehaut.at\/wp-content\/uploads\/2017\/01\/DSC0655.jpg\"><img loading=\"lazy\" decoding=\"async\" width=\"1024\" height=\"681\" src=\"https:\/\/www.g\u00e4nsehaut.at\/wp-content\/uploads\/2017\/01\/DSC0655-1024x681.jpg\" alt=\"\" class=\"wp-image-1135\" srcset=\"https:\/\/www.g\u00e4nsehaut.at\/wp-content\/uploads\/2017\/01\/DSC0655-1024x681.jpg 1024w, https:\/\/www.g\u00e4nsehaut.at\/wp-content\/uploads\/2017\/01\/DSC0655-300x200.jpg 300w, https:\/\/www.g\u00e4nsehaut.at\/wp-content\/uploads\/2017\/01\/DSC0655.jpg 1733w\" sizes=\"auto, (max-width: 1024px) 100vw, 1024px\" \/><\/a><figcaption class=\"wp-element-caption\">Fotocredit: MS Fototeam | Martin Mathes<\/figcaption><\/figure>\n\n\n\n<blockquote class=\"wp-block-quote is-layout-flow wp-block-quote-is-layout-flow\">\n<blockquote class=\"wp-block-quote is-layout-flow wp-block-quote-is-layout-flow\">\n<blockquote class=\"wp-block-quote is-layout-flow wp-block-quote-is-layout-flow\">\n<p class=\"has-text-align-center has-medium-font-size\"><strong><em>Anstatt sich einen Horrorfilm anzusehen, spiel doch lieber selbst in einem mit \u2026<\/em><\/strong><\/p>\n<\/blockquote>\n<\/blockquote>\n<\/blockquote>\n\n\n\n<p><\/p>\n\n\n\n<p><\/p>\n\n\n\n<blockquote class=\"wp-block-quote is-layout-flow wp-block-quote-is-layout-flow\">\n<blockquote class=\"wp-block-quote is-layout-flow wp-block-quote-is-layout-flow\">\n<blockquote class=\"wp-block-quote is-layout-flow wp-block-quote-is-layout-flow\">\n<figure class=\"wp-block-gallery has-nested-images columns-default is-cropped wp-block-gallery-1 is-layout-flex wp-block-gallery-is-layout-flex\">\n<figure class=\"wp-block-image size-large\"><a href=\"https:\/\/www.instagram.com\/gaensehaut_am_hungerturm\" target=\"_blank\" rel=\"noreferrer noopener\"><img loading=\"lazy\" decoding=\"async\" width=\"707\" height=\"707\" data-id=\"1558\" src=\"https:\/\/www.g\u00e4nsehaut.at\/wp-content\/uploads\/2024\/05\/IG.jpg\" alt=\"\" class=\"wp-image-1558\" srcset=\"https:\/\/www.g\u00e4nsehaut.at\/wp-content\/uploads\/2024\/05\/IG.jpg 707w, https:\/\/www.g\u00e4nsehaut.at\/wp-content\/uploads\/2024\/05\/IG-300x300.jpg 300w, https:\/\/www.g\u00e4nsehaut.at\/wp-content\/uploads\/2024\/05\/IG-150x150.jpg 150w\" sizes=\"auto, (max-width: 707px) 100vw, 707px\" \/><\/a><figcaption class=\"wp-element-caption\">INSTAGRAM<\/figcaption><\/figure>\n\n\n\n<figure class=\"wp-block-image size-large\"><a href=\"https:\/\/www.facebook.com\/profile.php?id=61553550103796\" target=\"_blank\" rel=\"noreferrer noopener\"><img loading=\"lazy\" decoding=\"async\" width=\"707\" height=\"707\" data-id=\"1566\" src=\"https:\/\/www.g\u00e4nsehaut.at\/wp-content\/uploads\/2024\/05\/FB-1.jpg\" alt=\"\" class=\"wp-image-1566\" srcset=\"https:\/\/www.g\u00e4nsehaut.at\/wp-content\/uploads\/2024\/05\/FB-1.jpg 707w, https:\/\/www.g\u00e4nsehaut.at\/wp-content\/uploads\/2024\/05\/FB-1-300x300.jpg 300w, https:\/\/www.g\u00e4nsehaut.at\/wp-content\/uploads\/2024\/05\/FB-1-150x150.jpg 150w\" sizes=\"auto, (max-width: 707px) 100vw, 707px\" \/><\/a><figcaption class=\"wp-element-caption\">FACEBOOK<\/figcaption><\/figure>\n<\/figure>\n<\/blockquote>\n<\/blockquote>\n<\/blockquote>\n\n\n\n<blockquote class=\"wp-block-quote is-layout-flow wp-block-quote-is-layout-flow\">\n<blockquote class=\"wp-block-quote is-layout-flow wp-block-quote-is-layout-flow\">\n<p class=\"has-text-align-center has-medium-font-size\"><strong><em>Bleib up to date und folge uns auf Social-Media!<\/em><\/strong><\/p>\n<\/blockquote>\n<\/blockquote>\n\n\n\n<h2 class=\"wp-block-heading\">Interessiert?<\/h2>\n\n\n\n<p><\/p>\n\n\n\n<p class=\"has-medium-font-size\">Wenn auch Dich der \u201eHorror\u201c fasziniert, Du gerne Theater spielst, Leute erschreckst oder einfach nur Teil unserer Geschichte werden willst, dann melde Dich bei uns! Wir sind immer <strong>auf der Suche nach freiwilligen Statisten und Darstellern<\/strong>. Unterst\u00fctzt wirst Du von einem rund 10-k\u00f6pfigen Organisationsteam, und von rund 100 anderen ehrenamtlichen Statisten, die dann Deine neuen Kollegen werden. Deinen Einsatz leistest Du dabei unentgeltlich. Wir garantieren Dir allerdings einen riesigen Spa\u00df, Lernen f\u00fcrs Leben, das Erlernen von Teamarbeit oder auch erste F\u00fchrungs- und Organisationserfahrung, jedenfalls aber eine 1000%ige Referenz f\u00fcr Deinen Lebenslauf. <a href=\"mailto:ravelsbach.kultur@outlook.at\" target=\"_blank\" rel=\"noopener\">Bewerbungen jederzeit. Teile uns hier Dein Interesse mit!<\/a><\/p>\n","protected":false},"excerpt":{"rendered":"<p>Auch heuer hei\u00dft es wieder &#8222;Das Spielt geht weiter&#8230;&#8220;. Wenn am 25. Oktober 2025 die Dunkelheit einbricht, kehrt der Horror in das kleine Weinviertler D\u00f6rfchen Ravelsbach zur\u00fcck und erreicht ein neues Level. Seid gespannt was euch dieses Mal erwartet&#8230; About G\u00e4nsehaut am Hungerturm ist ein Erlebnis-, Stationen- und Horrortheater. Die Teilnehmenden m\u00fcssen dabei auf einer [&hellip;]<\/p>\n","protected":false},"author":1,"featured_media":0,"parent":0,"menu_order":1,"comment_status":"closed","ping_status":"closed","template":"","meta":{"ngg_post_thumbnail":0,"footnotes":""},"class_list":["post-2","page","type-page","status-publish","hentry"],"_links":{"self":[{"href":"https:\/\/www.g\u00e4nsehaut.at\/index.php?rest_route=\/wp\/v2\/pages\/2","targetHints":{"allow":["GET"]}}],"collection":[{"href":"https:\/\/www.g\u00e4nsehaut.at\/index.php?rest_route=\/wp\/v2\/pages"}],"about":[{"href":"https:\/\/www.g\u00e4nsehaut.at\/index.php?rest_route=\/wp\/v2\/types\/page"}],"author":[{"embeddable":true,"href":"https:\/\/www.g\u00e4nsehaut.at\/index.php?rest_route=\/wp\/v2\/users\/1"}],"replies":[{"embeddable":true,"href":"https:\/\/www.g\u00e4nsehaut.at\/index.php?rest_route=%2Fwp%2Fv2%2Fcomments&post=2"}],"version-history":[{"count":200,"href":"https:\/\/www.g\u00e4nsehaut.at\/index.php?rest_route=\/wp\/v2\/pages\/2\/revisions"}],"predecessor-version":[{"id":1972,"href":"https:\/\/www.g\u00e4nsehaut.at\/index.php?rest_route=\/wp\/v2\/pages\/2\/revisions\/1972"}],"wp:attachment":[{"href":"https:\/\/www.g\u00e4nsehaut.at\/index.php?rest_route=%2Fwp%2Fv2%2Fmedia&parent=2"}],"curies":[{"name":"wp","href":"https:\/\/api.w.org\/{rel}","templated":true}]}}