{"id":23,"date":"2010-08-04T20:04:31","date_gmt":"2010-08-04T18:04:31","guid":{"rendered":"http:\/\/www.xn--gnsehaut-0za.at\/2010"},"modified":"2024-05-24T09:51:56","modified_gmt":"2024-05-24T07:51:56","slug":"anfahrt","status":"publish","type":"page","link":"https:\/\/www.g\u00e4nsehaut.at\/?page_id=23","title":{"rendered":"Anfahrt"},"content":{"rendered":"\n<p><iframe loading=\"lazy\" style=\"border: 0;\" src=\"https:\/\/www.google.com\/maps\/embed?pb=!1m18!1m12!1m3!1d2641.0793713865396!2d15.847821215855075!3d48.550872430263475!2m3!1f0!2f0!3f0!3m2!1i1024!2i768!4f13.1!3m3!1m2!1s0x476d61cca7db0b57%3A0x49f6225b1151acb6!2sKulturzentrum+Ravelsbach!5e0!3m2!1sde!2sat!4v1484141366399\" width=\"461\" height=\"306\" frameborder=\"0\" allowfullscreen=\"allowfullscreen\"><\/iframe><\/p>\n\n\n\n<p class=\"has-medium-font-size\"><strong>Anfahrt von Wien:<\/strong><br>A22 Richtung Praha. In Stockerau nehmen Sie die Abfahrt Stockerau Nord &#8211; Richtung Horn. Von nun an fahren Sie 20 Minuten auf der B4 geradeaus. Nach Ziersdorf nehmen Sie die n\u00e4chste Abfahrt Ravelsbach und folgen Sie den Wegweisern zum Kulturzentrum.<\/p>\n\n\n\n<p class=\"has-medium-font-size\"><strong>Anfahrt von Horn:<\/strong><br>B4 Richtung Wien. Nach Maissau nehmen Sie die n\u00e4chste Abfahrt Ravelsbach und folgen den Wegweisern zum Kulturzentrum.<\/p>\n\n\n\n<p class=\"has-medium-font-size\"><strong>Anfahrt von Hollabrunn:<\/strong><br>Richtung Oberfellabrunn, \u00fcber Fahndorf, Gettsdorf, Minichhofen, Gaindorf gelangen Sie nach Ravelsbach. Folgen Sie den Wegweisern zum Kulturzentrum.<\/p>\n\n\n\n<p class=\"has-medium-font-size\"><strong>Anfahrt von Krems: <\/strong><br>Fahren Sie Richtung Langenlois bzw. Hadersdorf \u00fcber Stra\u00df im Stra\u00dfertale nach Hohenwarth bis Gro\u00dfmeiseldorf und folgen Sie dort den Umleitungstafeln. ACHTUNG: Google navigiert Sie nach Pfaffstetten &#8211; Sie m\u00fcssen allerdings \u00fcber Gro\u00dfmeiseldorf fahren da die Verbindungsstra\u00dfe von Pfaffstetten nach Ravelsbach (L1232) beh\u00f6rdlich gesperrt ist. Folgen Sie den Wegweisern der Umleitung bis zum Kulturzentrum.<\/p>\n\n\n\n<p class=\"has-medium-font-size\"><strong>Anfahrt von St. P\u00f6lten: <\/strong><br>Fahren Sie die S33 Richtung Krems und bleiben Sie am Knoten Traismauer auf der Spur Richtung Wien. Am Knoten Jettsdorf verlassen Sie die S3 bei Grafenw\u00f6rth. (Schloss Grafenegg, Feuersbrunn, Jettsdorf) Nehmen Sie bei beiden Kreisverkehren die Ausfahrten Richtung Feuersbrunn bzw. Wagram am Wagram. Passieren Sie beide Orte bis Sie zur Kreuzung mit der B34 Kamptalschnellstra\u00dfe kommen. Dort biegen Sie rechts ab Richtung Fels am Wagram. Ca. 1 Kilometer danach biegen Sie links auf die L113 Richtung G\u00f6sing und Stettenhof. Passieren Sie beide Orte bis Sie zur Kreuzung mit der L43 kommen. Dort biegen Sie rechts ab Richtung Hohenwarth. Passieren Sie Hohenwarth in dem Sie immer auf dieser Stra\u00dfe bleiben. Fahren Sie bis Gro\u00dfmeiseldorf und folgen Sie dort den Umleitungstafeln. ACHTUNG: Google navigiert Sie nach Pfaffstetten &#8211; Sie m\u00fcssen allerdings \u00fcber Gro\u00dfmeiseldorf fahren da die Verbindungsstra\u00dfe von Pfaffstetten nach Ravelsbach (L1232) beh\u00f6rdlich gesperrt ist. Folgen Sie den Wegweisern der Umleitung bis zum Kulturzentrum.<\/p>\n\n\n\n<h3 class=\"wp-block-heading has-text-align-center has-white-color has-vivid-red-background-color has-text-color has-background has-link-color has-small-font-size wp-elements-13184dc05ada6aa35a916f57ebaa5d74\">Es ist ein eigener Parkplatz f\u00fcr Besucher von G\u00e4nsehaut am Hungerturm eingerichtet. Von diesem sind es ca. 2 Gehminuten zum Kulturzentrum.<\/h3>\n","protected":false},"excerpt":{"rendered":"<p>Anfahrt von Wien:A22 Richtung Praha. In Stockerau nehmen Sie die Abfahrt Stockerau Nord &#8211; Richtung Horn. Von nun an fahren Sie 20 Minuten auf der B4 geradeaus. Nach Ziersdorf nehmen Sie die n\u00e4chste Abfahrt Ravelsbach und folgen Sie den Wegweisern zum Kulturzentrum. Anfahrt von Horn:B4 Richtung Wien. Nach Maissau nehmen Sie die n\u00e4chste Abfahrt Ravelsbach [&hellip;]<\/p>\n","protected":false},"author":1,"featured_media":0,"parent":0,"menu_order":5,"comment_status":"open","ping_status":"open","template":"","meta":{"ngg_post_thumbnail":0,"footnotes":""},"class_list":["post-23","page","type-page","status-publish","hentry"],"_links":{"self":[{"href":"https:\/\/www.g\u00e4nsehaut.at\/index.php?rest_route=\/wp\/v2\/pages\/23","targetHints":{"allow":["GET"]}}],"collection":[{"href":"https:\/\/www.g\u00e4nsehaut.at\/index.php?rest_route=\/wp\/v2\/pages"}],"about":[{"href":"https:\/\/www.g\u00e4nsehaut.at\/index.php?rest_route=\/wp\/v2\/types\/page"}],"author":[{"embeddable":true,"href":"https:\/\/www.g\u00e4nsehaut.at\/index.php?rest_route=\/wp\/v2\/users\/1"}],"replies":[{"embeddable":true,"href":"https:\/\/www.g\u00e4nsehaut.at\/index.php?rest_route=%2Fwp%2Fv2%2Fcomments&post=23"}],"version-history":[{"count":38,"href":"https:\/\/www.g\u00e4nsehaut.at\/index.php?rest_route=\/wp\/v2\/pages\/23\/revisions"}],"predecessor-version":[{"id":1873,"href":"https:\/\/www.g\u00e4nsehaut.at\/index.php?rest_route=\/wp\/v2\/pages\/23\/revisions\/1873"}],"wp:attachment":[{"href":"https:\/\/www.g\u00e4nsehaut.at\/index.php?rest_route=%2Fwp%2Fv2%2Fmedia&parent=23"}],"curies":[{"name":"wp","href":"https:\/\/api.w.org\/{rel}","templated":true}]}}